{"id":298,"date":"2023-11-13T10:58:58","date_gmt":"2023-11-13T10:58:58","guid":{"rendered":"https:\/\/aitrading-app.com\/?page_id=298"},"modified":"2025-02-07T13:11:56","modified_gmt":"2025-02-07T13:11:56","slug":"reference","status":"publish","type":"page","link":"https:\/\/aitrading-app.com\/fr\/referral\/","title":{"rendered":"R\u00e9f\u00e9rence"},"content":{"rendered":"<div data-elementor-type=\"wp-page\" data-elementor-id=\"298\" class=\"elementor elementor-298\" data-elementor-post-type=\"page\">\n\t\t\t\t<div class=\"elementor-element elementor-element-d3a2694 e-flex e-con-boxed e-con e-parent\" data-id=\"d3a2694\" data-element_type=\"container\" data-e-type=\"container\" data-settings=\"{&quot;background_background&quot;:&quot;classic&quot;}\">\n\t\t\t\t\t<div class=\"e-con-inner\">\n\t\t<div class=\"elementor-element elementor-element-dd880cc e-flex e-con-boxed e-con e-child\" data-id=\"dd880cc\" data-element_type=\"container\" data-e-type=\"container\" data-settings=\"{&quot;background_background&quot;:&quot;classic&quot;}\">\n\t\t\t\t\t<div class=\"e-con-inner\">\n\t\t\t\t<div class=\"elementor-element elementor-element-2ec56e0 elementor-widget elementor-widget-spacer\" data-id=\"2ec56e0\" data-element_type=\"widget\" data-e-type=\"widget\" data-widget_type=\"spacer.default\">\n\t\t\t\t<div class=\"elementor-widget-container\">\n\t\t\t\t\t\t\t<div class=\"elementor-spacer\">\n\t\t\t<div class=\"elementor-spacer-inner\"><\/div>\n\t\t<\/div>\n\t\t\t\t\t\t<\/div>\n\t\t\t\t<\/div>\n\t\t\t\t<div class=\"elementor-element elementor-element-957fd4c elementor-widget__width-initial elementor-widget-mobile__width-initial elementor-widget elementor-widget-heading\" data-id=\"957fd4c\" data-element_type=\"widget\" data-e-type=\"widget\" data-widget_type=\"heading.default\">\n\t\t\t\t<div class=\"elementor-widget-container\">\n\t\t\t\t\t<h1 class=\"elementor-heading-title elementor-size-default\">Programme de parrainage<\/h1>\t\t\t\t<\/div>\n\t\t\t\t<\/div>\n\t\t\t\t\t<\/div>\n\t\t\t\t<\/div>\n\t\t\t\t\t<\/div>\n\t\t\t\t<\/div>\n\t\t<div class=\"elementor-element elementor-element-97dccd8 e-con-full e-flex e-con e-parent\" data-id=\"97dccd8\" data-element_type=\"container\" data-e-type=\"container\">\n\t\t\t\t<div class=\"elementor-element elementor-element-df5737e elementor-widget elementor-widget-image\" data-id=\"df5737e\" data-element_type=\"widget\" data-e-type=\"widget\" data-widget_type=\"image.default\">\n\t\t\t\t<div class=\"elementor-widget-container\">\n\t\t\t\t\t\t\t\t\t\t\t\t\t\t\t<img fetchpriority=\"high\" decoding=\"async\" width=\"800\" height=\"254\" src=\"https:\/\/aitrading-app.com\/wp-content\/uploads\/2023\/11\/tradingai-ref1-1024x325.webp\" class=\"attachment-large size-large wp-image-301\" alt=\"\" srcset=\"https:\/\/aitrading-app.com\/wp-content\/uploads\/2023\/11\/tradingai-ref1-1024x325.webp 1024w, https:\/\/aitrading-app.com\/wp-content\/uploads\/2023\/11\/tradingai-ref1-300x95.webp 300w, https:\/\/aitrading-app.com\/wp-content\/uploads\/2023\/11\/tradingai-ref1-768x244.webp 768w, https:\/\/aitrading-app.com\/wp-content\/uploads\/2023\/11\/tradingai-ref1-1536x487.webp 1536w, https:\/\/aitrading-app.com\/wp-content\/uploads\/2023\/11\/tradingai-ref1-2048x650.webp 2048w\" sizes=\"(max-width: 800px) 100vw, 800px\" \/>\t\t\t\t\t\t\t\t\t\t\t\t\t\t\t<\/div>\n\t\t\t\t<\/div>\n\t\t\t\t<\/div>\n\t\t<div class=\"elementor-element elementor-element-35cf604 e-flex e-con-boxed e-con e-parent\" data-id=\"35cf604\" data-element_type=\"container\" data-e-type=\"container\">\n\t\t\t\t\t<div class=\"e-con-inner\">\n\t\t\t\t<div class=\"elementor-element elementor-element-82b9fca elementor-widget__width-initial elementor-widget-tablet__width-initial elementor-widget elementor-widget-heading\" data-id=\"82b9fca\" data-element_type=\"widget\" data-e-type=\"widget\" data-widget_type=\"heading.default\">\n\t\t\t\t<div class=\"elementor-widget-container\">\n\t\t\t\t\t<h2 class=\"elementor-heading-title elementor-size-default\">aitradingapp.ai<\/h2>\t\t\t\t<\/div>\n\t\t\t\t<\/div>\n\t\t\t\t<div class=\"elementor-element elementor-element-2aac696 elementor-widget__width-initial elementor-widget elementor-widget-text-editor\" data-id=\"2aac696\" data-element_type=\"widget\" data-e-type=\"widget\" data-widget_type=\"text-editor.default\">\n\t\t\t\t<div class=\"elementor-widget-container\">\n\t\t\t\t\t\t\t\t\t<p class=\"mb-8 dark:text-jacarta-300 max-w-4xl mx-auto\">Chez AI TradingApp, nous nous engageons \u00e0 offrir \u00e0 nos utilisateurs des avantages uniques dans le monde du trading de cryptomonnaies. L'un des moyens par lesquels nous y parvenons est gr\u00e2ce \u00e0 notre programme de parrainage innovant, con\u00e7u pour r\u00e9compenser nos pr\u00e9cieux membres qui font conna\u00eetre nos services exceptionnels.<\/p><div class=\"mt-16\">\u00a0<\/div>\t\t\t\t\t\t\t\t<\/div>\n\t\t\t\t<\/div>\n\t\t\t\t<div class=\"elementor-element elementor-element-1581926 elementor-widget__width-initial elementor-widget-tablet__width-initial elementor-widget elementor-widget-image\" data-id=\"1581926\" data-element_type=\"widget\" data-e-type=\"widget\" data-widget_type=\"image.default\">\n\t\t\t\t<div class=\"elementor-widget-container\">\n\t\t\t\t\t\t\t\t\t\t\t\t\t\t\t<img decoding=\"async\" width=\"800\" height=\"656\" src=\"https:\/\/aitrading-app.com\/wp-content\/uploads\/2023\/11\/aitradingapp-ref2-1024x840.webp\" class=\"attachment-large size-large wp-image-302\" alt=\"\" srcset=\"https:\/\/aitrading-app.com\/wp-content\/uploads\/2023\/11\/aitradingapp-ref2-1024x840.webp 1024w, https:\/\/aitrading-app.com\/wp-content\/uploads\/2023\/11\/aitradingapp-ref2-300x246.webp 300w, https:\/\/aitrading-app.com\/wp-content\/uploads\/2023\/11\/aitradingapp-ref2-768x630.webp 768w, https:\/\/aitrading-app.com\/wp-content\/uploads\/2023\/11\/aitradingapp-ref2.webp 1044w\" sizes=\"(max-width: 800px) 100vw, 800px\" \/>\t\t\t\t\t\t\t\t\t\t\t\t\t\t\t<\/div>\n\t\t\t\t<\/div>\n\t\t\t\t<div class=\"elementor-element elementor-element-92dd726 elementor-widget__width-initial elementor-widget-tablet__width-initial elementor-widget elementor-widget-heading\" data-id=\"92dd726\" data-element_type=\"widget\" data-e-type=\"widget\" data-widget_type=\"heading.default\">\n\t\t\t\t<div class=\"elementor-widget-container\">\n\t\t\t\t\t<h2 class=\"elementor-heading-title elementor-size-default\">Gagnez selon vos r\u00e9f\u00e9rences<\/h2>\t\t\t\t<\/div>\n\t\t\t\t<\/div>\n\t\t\t\t<div class=\"elementor-element elementor-element-1230d7c elementor-widget__width-initial elementor-widget-tablet__width-initial elementor-widget elementor-widget-text-editor\" data-id=\"1230d7c\" data-element_type=\"widget\" data-e-type=\"widget\" data-widget_type=\"text-editor.default\">\n\t\t\t\t<div class=\"elementor-widget-container\">\n\t\t\t\t\t\t\t\t\t<p class=\"mb-8 dark:text-jacarta-300 max-w-4xl mx-auto\">Avec le programme de parrainage d'AI TradingApp, vous avez la possibilit\u00e9 de gagner jusqu'\u00e0 3 \u00e0 5 % de ce que les personnes que vous parrainez n\u00e9gocient. C'est aussi simple que de partager votre lien de parrainage unique avec vos amis, votre famille ou toute personne int\u00e9ress\u00e9e \u00e0 faire passer son trading de crypto-monnaie au niveau sup\u00e9rieur.<\/p>\t\t\t\t\t\t\t\t<\/div>\n\t\t\t\t<\/div>\n\t\t\t\t<div class=\"elementor-element elementor-element-f2b98cd elementor-widget__width-initial elementor-widget-tablet__width-initial elementor-widget elementor-widget-heading\" data-id=\"f2b98cd\" data-element_type=\"widget\" data-e-type=\"widget\" data-widget_type=\"heading.default\">\n\t\t\t\t<div class=\"elementor-widget-container\">\n\t\t\t\t\t<h2 class=\"elementor-heading-title elementor-size-default\">Comment \u00e7a marche<\/h2>\t\t\t\t<\/div>\n\t\t\t\t<\/div>\n\t\t\t\t<div class=\"elementor-element elementor-element-46052ec elementor-widget__width-initial elementor-widget-tablet__width-initial elementor-widget elementor-widget-text-editor\" data-id=\"46052ec\" data-element_type=\"widget\" data-e-type=\"widget\" data-widget_type=\"text-editor.default\">\n\t\t\t\t<div class=\"elementor-widget-container\">\n\t\t\t\t\t\t\t\t\t<p class=\"mb-8 dark:text-jacarta-300 max-w-4xl mx-auto\"><strong>Voici comment cela fonctionne\u00a0: lorsqu'une personne s'inscrit et ach\u00e8te notre robot de trading compatible avec l'IA \u00e0 l'aide de votre lien de parrainage, vous recevez instantan\u00e9ment un pourcentage du montant de son achat, avec des r\u00e9compenses potentielles allant jusqu'\u00e0 3\u00a0%. Notre robot de trading, inclus avec l'achat, est un outil puissant con\u00e7u pour aider les traders \u00e0 maximiser leur potentiel sur le march\u00e9 des cryptomonnaies.<\/strong><\/p><p>En participant au programme de parrainage d'AI TradingApp, vous d\u00e9bloquez non seulement le potentiel de r\u00e9compenses financi\u00e8res, mais vous obtenez \u00e9galement un acc\u00e8s exclusif \u00e0 notre \u00e9quipe de d\u00e9veloppeurs. Cette ligne de communication directe vous permet de rester inform\u00e9 des derniers d\u00e9veloppements et am\u00e9liorations, vous assurant ainsi d\u2019\u00eatre toujours en avance dans le monde du trading de cryptomonnaies.<\/p><p>Pour participer \u00e0 notre programme de parrainage, vous devez disposer d'un robot de trading actif sur aitradingapp.ai. Cette exigence garantit que notre programme est adapt\u00e9 \u00e0 ceux qui profitent d\u00e9j\u00e0 de notre technologie de trading de pointe.<\/p><p>Que vous soyez un trader exp\u00e9riment\u00e9 ou que vous d\u00e9butiez tout juste dans le monde des cryptomonnaies, le programme de parrainage d'AI TradingApp vous accueille \u00e0 bras ouverts. Il n\u2019y a pas de crit\u00e8res d\u2019\u00e9ligibilit\u00e9 complexes et vous n\u2019avez pas besoin d\u2019\u00eatre un expert en trading pour vous impliquer. Activez simplement votre robot de trading et commencez \u00e0 partager votre lien de parrainage pour commencer \u00e0 gagner des r\u00e9compenses.<\/p><p class=\"mb-8 dark:text-jacarta-300 max-w-4xl mx-auto\">Le programme de parrainage d'AI TradingApp vous permet d'am\u00e9liorer votre parcours de trading de crypto-monnaie tout en vous r\u00e9compensant pour avoir pr\u00e9sent\u00e9 notre plateforme \u00e0 d'autres personnes. Rejoignez-nous dans cette aventure passionnante et profitez d\u00e8s aujourd'hui de notre programme de parrainage unique. Commencez \u00e0 gagner des r\u00e9compenses en aidant les autres \u00e0 d\u00e9couvrir les avantages du robot de trading compatible IA d'AI TradingApp.<\/p>\t\t\t\t\t\t\t\t<\/div>\n\t\t\t\t<\/div>\n\t\t\t\t<div class=\"elementor-element elementor-element-05fec16 elementor-widget elementor-widget-spacer\" data-id=\"05fec16\" data-element_type=\"widget\" data-e-type=\"widget\" data-widget_type=\"spacer.default\">\n\t\t\t\t<div class=\"elementor-widget-container\">\n\t\t\t\t\t\t\t<div class=\"elementor-spacer\">\n\t\t\t<div class=\"elementor-spacer-inner\"><\/div>\n\t\t<\/div>\n\t\t\t\t\t\t<\/div>\n\t\t\t\t<\/div>\n\t\t\t\t\t<\/div>\n\t\t\t\t<\/div>\n\t\t\t\t<\/div>","protected":false},"excerpt":{"rendered":"<p>Referral Program aitradingapp.ai At AI TradingApp, we&#8217;re committed to providing our users with unique advantages in the world of cryptocurrency trading. One of the ways we do this is through our innovative referral program, designed to reward our valued members for spreading the word about our exceptional services. \u00a0 Earn as You Refer With AI [&hellip;]<\/p>\n","protected":false},"author":2,"featured_media":0,"parent":0,"menu_order":0,"comment_status":"closed","ping_status":"closed","template":"elementor_header_footer","meta":{"footnotes":""},"class_list":["post-298","page","type-page","status-publish","hentry"],"_links":{"self":[{"href":"https:\/\/aitrading-app.com\/fr\/wp-json\/wp\/v2\/pages\/298","targetHints":{"allow":["GET"]}}],"collection":[{"href":"https:\/\/aitrading-app.com\/fr\/wp-json\/wp\/v2\/pages"}],"about":[{"href":"https:\/\/aitrading-app.com\/fr\/wp-json\/wp\/v2\/types\/page"}],"author":[{"embeddable":true,"href":"https:\/\/aitrading-app.com\/fr\/wp-json\/wp\/v2\/users\/2"}],"replies":[{"embeddable":true,"href":"https:\/\/aitrading-app.com\/fr\/wp-json\/wp\/v2\/comments?post=298"}],"version-history":[{"count":0,"href":"https:\/\/aitrading-app.com\/fr\/wp-json\/wp\/v2\/pages\/298\/revisions"}],"wp:attachment":[{"href":"https:\/\/aitrading-app.com\/fr\/wp-json\/wp\/v2\/media?parent=298"}],"curies":[{"name":"wp","href":"https:\/\/api.w.org\/{rel}","templated":true}]}}