{"id":275,"date":"2023-11-13T10:25:18","date_gmt":"2023-11-13T10:25:18","guid":{"rendered":"https:\/\/aitrading-app.com\/?page_id=275"},"modified":"2025-02-07T12:55:41","modified_gmt":"2025-02-07T12:55:41","slug":"conditions-dutilisation","status":"publish","type":"page","link":"https:\/\/aitrading-app.com\/fr\/terms-of-services\/","title":{"rendered":"Conditions d'utilisation"},"content":{"rendered":"<div data-elementor-type=\"wp-page\" data-elementor-id=\"275\" class=\"elementor elementor-275\" data-elementor-post-type=\"page\">\n\t\t\t\t<div class=\"elementor-element elementor-element-38a0332 e-flex e-con-boxed e-con e-parent\" data-id=\"38a0332\" data-element_type=\"container\" data-e-type=\"container\" data-settings=\"{&quot;background_background&quot;:&quot;classic&quot;}\">\n\t\t\t\t\t<div class=\"e-con-inner\">\n\t\t\t\t<div class=\"elementor-element elementor-element-6925515 elementor-widget elementor-widget-spacer\" data-id=\"6925515\" data-element_type=\"widget\" data-e-type=\"widget\" data-widget_type=\"spacer.default\">\n\t\t\t\t<div class=\"elementor-widget-container\">\n\t\t\t\t\t\t\t<div class=\"elementor-spacer\">\n\t\t\t<div class=\"elementor-spacer-inner\"><\/div>\n\t\t<\/div>\n\t\t\t\t\t\t<\/div>\n\t\t\t\t<\/div>\n\t\t\t\t<div class=\"elementor-element elementor-element-96b3aaa elementor-widget__width-initial elementor-widget-mobile__width-initial elementor-widget elementor-widget-heading\" data-id=\"96b3aaa\" data-element_type=\"widget\" data-e-type=\"widget\" data-widget_type=\"heading.default\">\n\t\t\t\t<div class=\"elementor-widget-container\">\n\t\t\t\t\t<h1 class=\"elementor-heading-title elementor-size-default\">Conditions d'utilisation<\/h1>\t\t\t\t<\/div>\n\t\t\t\t<\/div>\n\t\t\t\t<div class=\"elementor-element elementor-element-db301f9 elementor-widget__width-initial elementor-widget elementor-widget-heading\" data-id=\"db301f9\" data-element_type=\"widget\" data-e-type=\"widget\" data-widget_type=\"heading.default\">\n\t\t\t\t<div class=\"elementor-widget-container\">\n\t\t\t\t\t<h2 class=\"elementor-heading-title elementor-size-default\">Introduction<\/h2>\t\t\t\t<\/div>\n\t\t\t\t<\/div>\n\t\t\t\t<div class=\"elementor-element elementor-element-1c5ca9f elementor-widget__width-initial elementor-widget-tablet__width-initial elementor-widget elementor-widget-text-editor\" data-id=\"1c5ca9f\" data-element_type=\"widget\" data-e-type=\"widget\" data-widget_type=\"text-editor.default\">\n\t\t\t\t<div class=\"elementor-widget-container\">\n\t\t\t\t\t\t\t\t\t<p>Les pr\u00e9sentes conditions d'utilisation (\u00ab Accord \u00bb) r\u00e9gissent votre utilisation de la plateforme de trading aitradingapp.ai (\u00ab aitradingapp.ai \u00bb ou la \u00ab Plateforme \u00bb) fournie par la soci\u00e9t\u00e9 aitradingapp.ai (\u00ab aitradingapp.ai \u00bb, \u00ab nous \u00bb ou \u00ab nous\"). En acc\u00e9dant ou en utilisant la plateforme aitradingapp.ai, vous acceptez d'\u00eatre li\u00e9 par le pr\u00e9sent accord.<\/p><p>VEUILLEZ LIRE ATTENTIVEMENT CES CONDITIONS D'UTILISATION CAR ELLES CONTIENNENT DES INFORMATIONS IMPORTANTES ET AFFECTENT VOS DROITS L\u00c9GAUX. COMME INDIQU\u00c9 DANS LA SECTION 16 CI-DESSOUS, ILS COMPRENNENT UN ACCORD D'ARBITRAGE OBLIGATOIRE ET UNE RENONCIATION AU RECOURS COLLECTIF QUI (SAUF EXCEPTIONS LIMIT\u00c9ES) EXIGE QUE TOUT DIFF\u00c9REND ENTRE NOUS SOIT R\u00c9SOLU PAR ARBITRAGE INDIVIDUEL PLUT\u00d4T QUE PAR UN JUGE OU UN JURY AU TRIBUNAL.<\/p><p>EN CLIQUANT POUR ACCEPTER ET\/OU UTILISER NOTRE SERVICE, VOUS ACCEPTEZ D'\u00caTRE LI\u00c9 PAR CES CONDITIONS ET PAR TOUTES LES CONDITIONS INCORPOR\u00c9ES AUX PR\u00c9SENTES PAR R\u00c9F\u00c9RENCE. SI VOUS N'ACCEPTEZ PAS CES CONDITIONS, VOUS NE POUVEZ PAS ACC\u00c9DER OU UTILISER LE SERVICE.<\/p><p>aitradingapp.ai n'est pas un fournisseur de portefeuille, une bourse, un courtier, une institution financi\u00e8re ou un cr\u00e9ancier. aitradingapp.ai fournit une plateforme de trading qui aide les utilisateurs \u00e0 \u00e9changer des pi\u00e8ces et des jetons publics directement sur la blockchain, sans aucune intervention de l'utilisateur. Tout est aliment\u00e9 par le LLM de trading propri\u00e9taire d'aitradingapp.ai. Pour utiliser notre Service, vous devez utiliser un portefeuille tiers qui vous permet d'effectuer des transactions sur des blockchains.<\/p><p>\u00c9tant donn\u00e9 que nous proposons un nombre croissant de services, nous devons parfois fournir des conditions suppl\u00e9mentaires pour des services sp\u00e9cifiques (et ces services sont consid\u00e9r\u00e9s comme faisant partie du \u00ab Service \u00bb ci-dessous et seront \u00e9galement soumis aux pr\u00e9sentes Conditions). Ces conditions g\u00e9n\u00e9rales suppl\u00e9mentaires, disponibles avec le service concern\u00e9, font alors partie de votre accord avec nous si vous utilisez ces services. En cas de conflit entre les pr\u00e9sentes Conditions et toutes conditions suppl\u00e9mentaires applicables que nous pouvons fournir pour un service sp\u00e9cifique, ces conditions suppl\u00e9mentaires pr\u00e9vaudront pour ce service sp\u00e9cifique.<\/p>\t\t\t\t\t\t\t\t<\/div>\n\t\t\t\t<\/div>\n\t\t\t\t<div class=\"elementor-element elementor-element-1ca395c elementor-widget__width-initial elementor-widget elementor-widget-heading\" data-id=\"1ca395c\" data-element_type=\"widget\" data-e-type=\"widget\" data-widget_type=\"heading.default\">\n\t\t\t\t<div class=\"elementor-widget-container\">\n\t\t\t\t\t<h2 class=\"elementor-heading-title elementor-size-default\">Cr\u00e9ation de compte et trading<\/h2>\t\t\t\t<\/div>\n\t\t\t\t<\/div>\n\t\t\t\t<div class=\"elementor-element elementor-element-2bb1a4e elementor-widget__width-initial elementor-widget-tablet__width-initial elementor-widget elementor-widget-text-editor\" data-id=\"2bb1a4e\" data-element_type=\"widget\" data-e-type=\"widget\" data-widget_type=\"text-editor.default\">\n\t\t\t\t<div class=\"elementor-widget-container\">\n\t\t\t\t\t\t\t\t\t<p><strong>Admissibilit\u00e9:<\/strong> Pour utiliser AI TradingApp, vous devez avoir au moins 18 ans et vous conformer \u00e0 toutes les lois et r\u00e9glementations applicables. En cr\u00e9ant un compte, vous d\u00e9clarez et garantissez que vous remplissez ces conditions d'\u00e9ligibilit\u00e9.<\/p><p><strong>Instruments financiers\u00a0:<\/strong> Actuellement, AI TradingApp prend en charge le trading de contrats \u00e0 terme sur crypto-monnaie. Des instruments financiers suppl\u00e9mentaires pourraient \u00eatre mis \u00e0 disposition \u00e0 l\u2019avenir, \u00e0 la discr\u00e9tion d\u2019AI TradingApp.<\/p>\t\t\t\t\t\t\t\t<\/div>\n\t\t\t\t<\/div>\n\t\t\t\t<div class=\"elementor-element elementor-element-dca60a3 elementor-widget__width-initial elementor-widget elementor-widget-heading\" data-id=\"dca60a3\" data-element_type=\"widget\" data-e-type=\"widget\" data-widget_type=\"heading.default\">\n\t\t\t\t<div class=\"elementor-widget-container\">\n\t\t\t\t\t<h2 class=\"elementor-heading-title elementor-size-default\">Frais<\/h2>\t\t\t\t<\/div>\n\t\t\t\t<\/div>\n\t\t\t\t<div class=\"elementor-element elementor-element-778b69c elementor-widget__width-initial elementor-widget-tablet__width-initial elementor-widget elementor-widget-text-editor\" data-id=\"778b69c\" data-element_type=\"widget\" data-e-type=\"widget\" data-widget_type=\"text-editor.default\">\n\t\t\t\t<div class=\"elementor-widget-container\">\n\t\t\t\t\t\t\t\t\t<p><strong>Frais de b\u00e9n\u00e9fice\u00a0:<\/strong> AI TradingApp facture des frais de b\u00e9n\u00e9fice de 0,5 % sur chaque transaction rentable effectu\u00e9e via la plateforme. Les frais de profit seront automatiquement d\u00e9duits du compte de l\u2019utilisateur en cas de transaction r\u00e9ussie.<\/p>\t\t\t\t\t\t\t\t<\/div>\n\t\t\t\t<\/div>\n\t\t\t\t<div class=\"elementor-element elementor-element-927a216 elementor-widget__width-initial elementor-widget elementor-widget-heading\" data-id=\"927a216\" data-element_type=\"widget\" data-e-type=\"widget\" data-widget_type=\"heading.default\">\n\t\t\t\t<div class=\"elementor-widget-container\">\n\t\t\t\t\t<h2 class=\"elementor-heading-title elementor-size-default\">Service client<\/h2>\t\t\t\t<\/div>\n\t\t\t\t<\/div>\n\t\t\t\t<div class=\"elementor-element elementor-element-3c59d7d elementor-widget__width-initial elementor-widget-tablet__width-initial elementor-widget elementor-widget-text-editor\" data-id=\"3c59d7d\" data-element_type=\"widget\" data-e-type=\"widget\" data-widget_type=\"text-editor.default\">\n\t\t\t\t<div class=\"elementor-widget-container\">\n\t\t\t\t\t\t\t\t\t<p>aitradingapp.ai offre un support client 24h\/24 et 7j\/7 via Livechat, Email, Discord et Telegram. Notre \u00e9quipe d'assistance est disponible pour vous aider pour toute question, probl\u00e8me ou demande de renseignements que vous pourriez avoir concernant la plateforme AI TradingApp.<\/p>\t\t\t\t\t\t\t\t<\/div>\n\t\t\t\t<\/div>\n\t\t\t\t<div class=\"elementor-element elementor-element-0296839 elementor-widget__width-initial elementor-widget elementor-widget-heading\" data-id=\"0296839\" data-element_type=\"widget\" data-e-type=\"widget\" data-widget_type=\"heading.default\">\n\t\t\t\t<div class=\"elementor-widget-container\">\n\t\t\t\t\t<h2 class=\"elementor-heading-title elementor-size-default\">Conduite de l'utilisateur<\/h2>\t\t\t\t<\/div>\n\t\t\t\t<\/div>\n\t\t\t\t<div class=\"elementor-element elementor-element-e508242 elementor-widget__width-initial elementor-widget-tablet__width-initial elementor-widget elementor-widget-text-editor\" data-id=\"e508242\" data-element_type=\"widget\" data-e-type=\"widget\" data-widget_type=\"text-editor.default\">\n\t\t\t\t<div class=\"elementor-widget-container\">\n\t\t\t\t\t\t\t\t\t<p>Les utilisateurs ne doivent se livrer \u00e0 aucune activit\u00e9 suspecte ou frauduleuse sur la plateforme AI TradingApp. Tout utilisateur se livrant \u00e0 de telles activit\u00e9s pourra \u00eatre banni de la plateforme.<\/p>\t\t\t\t\t\t\t\t<\/div>\n\t\t\t\t<\/div>\n\t\t\t\t<div class=\"elementor-element elementor-element-76f1fef elementor-widget__width-initial elementor-widget elementor-widget-heading\" data-id=\"76f1fef\" data-element_type=\"widget\" data-e-type=\"widget\" data-widget_type=\"heading.default\">\n\t\t\t\t<div class=\"elementor-widget-container\">\n\t\t\t\t\t<h2 class=\"elementor-heading-title elementor-size-default\">Informations personnelles<\/h2>\t\t\t\t<\/div>\n\t\t\t\t<\/div>\n\t\t\t\t<div class=\"elementor-element elementor-element-157006b elementor-widget__width-initial elementor-widget-tablet__width-initial elementor-widget elementor-widget-text-editor\" data-id=\"157006b\" data-element_type=\"widget\" data-e-type=\"widget\" data-widget_type=\"text-editor.default\">\n\t\t\t\t<div class=\"elementor-widget-container\">\n\t\t\t\t\t\t\t\t\t<p>AI TradingApp collecte et stocke l'adresse e-mail fournie lors du processus d'enregistrement du compte. Nous nous engageons \u00e0 prot\u00e9ger votre vie priv\u00e9e et \u00e0 traiter vos informations personnelles conform\u00e9ment aux lois applicables en mati\u00e8re de protection des donn\u00e9es.<\/p>\t\t\t\t\t\t\t\t<\/div>\n\t\t\t\t<\/div>\n\t\t\t\t<div class=\"elementor-element elementor-element-4f5944a elementor-widget__width-initial elementor-widget elementor-widget-heading\" data-id=\"4f5944a\" data-element_type=\"widget\" data-e-type=\"widget\" data-widget_type=\"heading.default\">\n\t\t\t\t<div class=\"elementor-widget-container\">\n\t\t\t\t\t<h2 class=\"elementor-heading-title elementor-size-default\">Modifications et r\u00e9siliation<\/h2>\t\t\t\t<\/div>\n\t\t\t\t<\/div>\n\t\t\t\t<div class=\"elementor-element elementor-element-6d17d19 elementor-widget__width-initial elementor-widget-tablet__width-initial elementor-widget elementor-widget-text-editor\" data-id=\"6d17d19\" data-element_type=\"widget\" data-e-type=\"widget\" data-widget_type=\"text-editor.default\">\n\t\t\t\t<div class=\"elementor-widget-container\">\n\t\t\t\t\t\t\t\t\t<p>AI TradingApp se r\u00e9serve le droit de modifier, suspendre ou r\u00e9silier la Plateforme ou tout aspect de ses services \u00e0 tout moment sans pr\u00e9avis. Nous pouvons \u00e9galement modifier cet accord de temps \u00e0 autre. L'utilisation continue de la plateforme AI TradingApp apr\u00e8s de telles modifications constitue votre consentement aux conditions mises \u00e0 jour.<\/p>\t\t\t\t\t\t\t\t<\/div>\n\t\t\t\t<\/div>\n\t\t\t\t<div class=\"elementor-element elementor-element-893548a elementor-widget__width-initial elementor-widget elementor-widget-heading\" data-id=\"893548a\" data-element_type=\"widget\" data-e-type=\"widget\" data-widget_type=\"heading.default\">\n\t\t\t\t<div class=\"elementor-widget-container\">\n\t\t\t\t\t<h2 class=\"elementor-heading-title elementor-size-default\">Clause de non-responsabilit\u00e9<\/h2>\t\t\t\t<\/div>\n\t\t\t\t<\/div>\n\t\t\t\t<div class=\"elementor-element elementor-element-52fe0d5 elementor-widget__width-initial elementor-widget-tablet__width-initial elementor-widget elementor-widget-text-editor\" data-id=\"52fe0d5\" data-element_type=\"widget\" data-e-type=\"widget\" data-widget_type=\"text-editor.default\">\n\t\t\t\t<div class=\"elementor-widget-container\">\n\t\t\t\t\t\t\t\t\t<p>AI TradingApp ne fournit pas de conseils financiers ou d'investissement. L'utilisation de la plateforme AI TradingApp et toute d\u00e9cision prise sur la base des informations fournies se font uniquement \u00e0 vos propres risques. AI TradingApp ne pourra \u00eatre tenu responsable des pertes, dommages ou r\u00e9clamations d\u00e9coulant de votre utilisation de la plateforme.<\/p>\t\t\t\t\t\t\t\t<\/div>\n\t\t\t\t<\/div>\n\t\t\t\t<div class=\"elementor-element elementor-element-4c0809f elementor-widget__width-initial elementor-widget elementor-widget-heading\" data-id=\"4c0809f\" data-element_type=\"widget\" data-e-type=\"widget\" data-widget_type=\"heading.default\">\n\t\t\t\t<div class=\"elementor-widget-container\">\n\t\t\t\t\t<h2 class=\"elementor-heading-title elementor-size-default\">Loi applicable et juridiction<\/h2>\t\t\t\t<\/div>\n\t\t\t\t<\/div>\n\t\t\t\t<div class=\"elementor-element elementor-element-352c980 elementor-widget__width-initial elementor-widget-tablet__width-initial elementor-widget elementor-widget-text-editor\" data-id=\"352c980\" data-element_type=\"widget\" data-e-type=\"widget\" data-widget_type=\"text-editor.default\">\n\t\t\t\t<div class=\"elementor-widget-container\">\n\t\t\t\t\t\t\t\t\t<p>Le Service est exploit\u00e9 par AI TradingApp, bas\u00e9 \u00e0 Singapour. Ceux qui choisissent d'acc\u00e9der au Service depuis des endroits en dehors de Singapour le font de leur propre initiative et sont responsables du respect des lois locales applicables. Vous et aitradingapp.ai acceptez que la Convention des Nations Unies sur les contrats de vente internationale de marchandises ne s'appliquera pas \u00e0 l'interpr\u00e9tation ou \u00e0 la construction des pr\u00e9sentes Conditions. Tout litige d\u00e9coulant de ou en relation avec le pr\u00e9sent Accord sera soumis \u00e0 la juridiction exclusive des tribunaux de Singapour.<\/p><p>Sauf disposition contraire des pr\u00e9sentes, les pr\u00e9sentes Conditions sont destin\u00e9es uniquement au b\u00e9n\u00e9fice des parties et ne sont pas destin\u00e9es \u00e0 conf\u00e9rer des droits de tiers b\u00e9n\u00e9ficiaire \u00e0 toute autre personne ou entit\u00e9.<\/p>\t\t\t\t\t\t\t\t<\/div>\n\t\t\t\t<\/div>\n\t\t\t\t\t<\/div>\n\t\t\t\t<\/div>\n\t\t\t\t<\/div>","protected":false},"excerpt":{"rendered":"<p>Terms of Service Introduction These Terms of Service (&#8220;Agreement&#8221;) govern your use of the aitradingapp.ai trading platform (&#8220;aitradingapp.ai&#8221; or the &#8220;Platform&#8221;) provided by aitradingapp.ai Company (&#8220;aitradingapp.ai,&#8221; &#8220;we,&#8221; or &#8220;us&#8221;). By accessing or using the aitradingapp.ai Platform, you agree to be bound by this Agreement. PLEASE READ THESE TERMS OF SERVICE CAREFULLY AS THEY CONTAIN IMPORTANT [&hellip;]<\/p>\n","protected":false},"author":2,"featured_media":0,"parent":0,"menu_order":0,"comment_status":"closed","ping_status":"closed","template":"elementor_header_footer","meta":{"footnotes":""},"class_list":["post-275","page","type-page","status-publish","hentry"],"_links":{"self":[{"href":"https:\/\/aitrading-app.com\/fr\/wp-json\/wp\/v2\/pages\/275","targetHints":{"allow":["GET"]}}],"collection":[{"href":"https:\/\/aitrading-app.com\/fr\/wp-json\/wp\/v2\/pages"}],"about":[{"href":"https:\/\/aitrading-app.com\/fr\/wp-json\/wp\/v2\/types\/page"}],"author":[{"embeddable":true,"href":"https:\/\/aitrading-app.com\/fr\/wp-json\/wp\/v2\/users\/2"}],"replies":[{"embeddable":true,"href":"https:\/\/aitrading-app.com\/fr\/wp-json\/wp\/v2\/comments?post=275"}],"version-history":[{"count":0,"href":"https:\/\/aitrading-app.com\/fr\/wp-json\/wp\/v2\/pages\/275\/revisions"}],"wp:attachment":[{"href":"https:\/\/aitrading-app.com\/fr\/wp-json\/wp\/v2\/media?parent=275"}],"curies":[{"name":"wp","href":"https:\/\/api.w.org\/{rel}","templated":true}]}}